{"id":2306,"date":"2023-01-08T22:21:00","date_gmt":"2023-01-08T22:21:00","guid":{"rendered":"https:\/\/redtecnologico.net\/web\/?page_id=2306"},"modified":"2023-01-08T22:46:37","modified_gmt":"2023-01-08T22:46:37","slug":"sistema-seguridad","status":"publish","type":"page","link":"https:\/\/redtecnologico.net\/web\/sistema-seguridad\/","title":{"rendered":"Sistema de Seguridad"},"content":{"rendered":"\t\t<div data-elementor-type=\"wp-page\" data-elementor-id=\"2306\" class=\"elementor elementor-2306\">\n\t\t\t\t\t\t\t\t\t<section class=\"elementor-section elementor-top-section elementor-element elementor-element-cd3506b elementor-section-stretched elementor-section-boxed elementor-section-height-default elementor-section-height-default\" data-id=\"cd3506b\" data-element_type=\"section\" data-settings=\"{&quot;stretch_section&quot;:&quot;section-stretched&quot;}\">\n\t\t\t\t\t\t<div class=\"elementor-container elementor-column-gap-no\">\n\t\t\t\t\t<div class=\"elementor-column elementor-col-50 elementor-top-column elementor-element elementor-element-4382e2a0\" data-id=\"4382e2a0\" data-element_type=\"column\">\n\t\t\t<div class=\"elementor-widget-wrap elementor-element-populated\">\n\t\t\t\t\t\t\t\t<div class=\"elementor-element elementor-element-108aff5f gyan-title-desc-left elementor-widget elementor-widget-gyan_title\" data-id=\"108aff5f\" data-element_type=\"widget\" data-widget_type=\"gyan_title.default\">\n\t\t\t\t<div class=\"elementor-widget-container\">\n\t\t\t\t\t<div class=\"gyan-title\">\r\n\t\t\t<h2 class=\"gyan-title-heading\">Seguridad Integral<\/h2><div class=\"gyan-title-desc\">Miles de familias viven m\u00e1s tranquilas gracias a Red Tecnol\u00f3gico, ya que nuestra alarma para domicilio se adapta a las necesidades de cada vivienda para garantizar la detecci\u00f3n de intrusos y la actuaci\u00f3n eficaz en cualquier situaci\u00f3n de emergencia.\n\n<\/div>\t\t<\/div>\r\n\t\t\t\t<\/div>\n\t\t\t\t<\/div>\n\t\t\t\t<div class=\"elementor-element elementor-element-2f60fce9 elementor-widget elementor-widget-text-editor\" data-id=\"2f60fce9\" data-element_type=\"widget\" data-widget_type=\"text-editor.default\">\n\t\t\t\t<div class=\"elementor-widget-container\">\n\t\t\t<style>\/*! elementor - v3.8.0 - 30-10-2022 *\/\n.elementor-widget-text-editor.elementor-drop-cap-view-stacked .elementor-drop-cap{background-color:#818a91;color:#fff}.elementor-widget-text-editor.elementor-drop-cap-view-framed .elementor-drop-cap{color:#818a91;border:3px solid;background-color:transparent}.elementor-widget-text-editor:not(.elementor-drop-cap-view-default) .elementor-drop-cap{margin-top:8px}.elementor-widget-text-editor:not(.elementor-drop-cap-view-default) .elementor-drop-cap-letter{width:1em;height:1em}.elementor-widget-text-editor .elementor-drop-cap{float:left;text-align:center;line-height:1;font-size:50px}.elementor-widget-text-editor .elementor-drop-cap-letter{display:inline-block}<\/style>\t\t\t\t<p class=\"mb-0 text-justify\">Cada hogar es diferente y, por lo tanto, requiere soluciones espec\u00edficas para garantizar la protecci\u00f3n frente a robos y otras amenazas.<\/p><p class=\"mb-0 text-justify\">Solicita ahora nuestro estudio de seguridad gratuito y uno de nuestros expertos analizar\u00e1 tu vivienda para recomendarte una instalaci\u00f3n personalizada que cubra todos los puntos d\u00e9biles de la misma, tanto de su interior como de las zonas exteriores.<\/p>\t\t\t\t\t\t<\/div>\n\t\t\t\t<\/div>\n\t\t\t\t\t<\/div>\n\t\t<\/div>\n\t\t\t\t<div class=\"elementor-column elementor-col-50 elementor-top-column elementor-element elementor-element-23e7bea2\" data-id=\"23e7bea2\" data-element_type=\"column\">\n\t\t\t<div class=\"elementor-widget-wrap elementor-element-populated\">\n\t\t\t\t\t\t\t\t<div class=\"elementor-element elementor-element-56e2a808 elementor-widget elementor-widget-image\" data-id=\"56e2a808\" data-element_type=\"widget\" data-widget_type=\"image.default\">\n\t\t\t\t<div class=\"elementor-widget-container\">\n\t\t\t<style>\/*! elementor - v3.8.0 - 30-10-2022 *\/\n.elementor-widget-image{text-align:center}.elementor-widget-image a{display:inline-block}.elementor-widget-image a img[src$=\".svg\"]{width:48px}.elementor-widget-image img{vertical-align:middle;display:inline-block}<\/style>\t\t\t\t\t\t\t\t\t\t\t\t<img loading=\"lazy\" decoding=\"async\" width=\"667\" height=\"515\" src=\"https:\/\/redtecnologico.net\/web\/wp-content\/uploads\/2022\/11\/sistemaseguridad.jpg\" class=\"attachment-large size-large\" alt=\"\" srcset=\"https:\/\/redtecnologico.net\/web\/wp-content\/uploads\/2022\/11\/sistemaseguridad.jpg 667w, https:\/\/redtecnologico.net\/web\/wp-content\/uploads\/2022\/11\/sistemaseguridad-300x232.jpg 300w\" sizes=\"auto, (max-width: 667px) 100vw, 667px\" \/>\t\t\t\t\t\t\t\t\t\t\t\t\t\t\t<\/div>\n\t\t\t\t<\/div>\n\t\t\t\t\t<\/div>\n\t\t<\/div>\n\t\t\t\t\t\t\t<\/div>\n\t\t<\/section>\n\t\t\t\t<section class=\"elementor-section elementor-top-section elementor-element elementor-element-ee60eb8 elementor-section-stretched elementor-section-boxed elementor-section-height-default elementor-section-height-default\" data-id=\"ee60eb8\" data-element_type=\"section\" data-settings=\"{&quot;stretch_section&quot;:&quot;section-stretched&quot;}\">\n\t\t\t\t\t\t<div class=\"elementor-container elementor-column-gap-no\">\n\t\t\t\t\t<div class=\"elementor-column elementor-col-33 elementor-top-column elementor-element elementor-element-34281a64\" data-id=\"34281a64\" data-element_type=\"column\" data-settings=\"{&quot;background_background&quot;:&quot;classic&quot;}\">\n\t\t\t<div class=\"elementor-widget-wrap elementor-element-populated\">\n\t\t\t\t\t\t\t\t<div class=\"elementor-element elementor-element-7b6a0ed6 elementor-widget elementor-widget-spacer\" data-id=\"7b6a0ed6\" data-element_type=\"widget\" data-widget_type=\"spacer.default\">\n\t\t\t\t<div class=\"elementor-widget-container\">\n\t\t\t<style>\/*! elementor - v3.8.0 - 30-10-2022 *\/\n.elementor-column .elementor-spacer-inner{height:var(--spacer-size)}.e-con{--container-widget-width:100%}.e-con-inner>.elementor-widget-spacer,.e-con>.elementor-widget-spacer{width:var(--container-widget-width,var(--spacer-size));-ms-flex-item-align:stretch;align-self:stretch;-ms-flex-negative:0;flex-shrink:0}.e-con-inner>.elementor-widget-spacer>.elementor-widget-container,.e-con-inner>.elementor-widget-spacer>.elementor-widget-container>.elementor-spacer,.e-con>.elementor-widget-spacer>.elementor-widget-container,.e-con>.elementor-widget-spacer>.elementor-widget-container>.elementor-spacer{height:100%}.e-con-inner>.elementor-widget-spacer>.elementor-widget-container>.elementor-spacer>.elementor-spacer-inner,.e-con>.elementor-widget-spacer>.elementor-widget-container>.elementor-spacer>.elementor-spacer-inner{height:var(--container-widget-height,var(--spacer-size))}<\/style>\t\t<div class=\"elementor-spacer\">\n\t\t\t<div class=\"elementor-spacer-inner\"><\/div>\n\t\t<\/div>\n\t\t\t\t<\/div>\n\t\t\t\t<\/div>\n\t\t\t\t\t<\/div>\n\t\t<\/div>\n\t\t\t\t<div class=\"elementor-column elementor-col-33 elementor-top-column elementor-element elementor-element-28caae97\" data-id=\"28caae97\" data-element_type=\"column\" data-settings=\"{&quot;background_background&quot;:&quot;classic&quot;}\">\n\t\t\t<div class=\"elementor-widget-wrap elementor-element-populated\">\n\t\t\t\t\t\t\t\t<div class=\"elementor-element elementor-element-3ee12960 gyan-infobox-align-left gyan-infobox-position-top gyan-infobox-center-no gyan-hover-animation-none gyan-animation-box-fade elementor-widget elementor-widget-gyan_info_box\" data-id=\"3ee12960\" data-element_type=\"widget\" data-widget_type=\"gyan_info_box.default\">\n\t\t\t\t<div class=\"elementor-widget-container\">\n\t\t\t\n\t\t<div class=\"gyan-info-box gyan-animation-box gyan-ease-transition\">\n\n\t\t\t\n\t\t\t\n\t\t\t\t<div class=\"gyan-infobox-icon-holder gyan-ease-transition\">\n\n\t\t\t\t\t\n\t\t\t\t\t\n\t\t\t\t\t\t\t\t\t\t\t<span class=\"gyan-infobox-icon gyan-icon gyan-ease-transition\"><i aria-hidden=\"true\" class=\"fas fa-object-ungroup\"><\/i><\/span>\n\t\t\t\t\t\n\t\t\t\t\t\n\t\t\t\t\t\n\t\t\t\t<\/div>\n\n\t\t\t\n\t\t\t<div class=\"gyan-infobox-content-holder\">\n\n\t\t\t\t\n\t\t\t\t\t<h4 class=\"gyan-infobox-title gyan-ease-transition\">\n\t\t\t\t\t\t\t\t\t\t\t\tMONITOREO CONSTANTE\t\t\t\t\t\t\t\t\t\t\t<\/h4>\n\n\t\t\t\t\n\t\t\t\t\n\t\t\t\t\n\t\t\t\t\t<div class=\"gyan-infobox-content gyan-ease-transition\">\n\t\t\t\t\t\tNuestra central receptora de alarmas esta en constante monitoreo\t\t\t\t\t<\/div>\n\n\t\t\t\t\n\t\t\t\t\n\t\t\t\t<div class=\"clear\"><\/div>\n\t\t\t<\/div>\n\t\t<\/div>\n\t\t\t<\/div>\n\t\t\t\t<\/div>\n\t\t\t\t\t<\/div>\n\t\t<\/div>\n\t\t\t\t<div class=\"elementor-column elementor-col-33 elementor-top-column elementor-element elementor-element-7926b10b\" data-id=\"7926b10b\" data-element_type=\"column\" data-settings=\"{&quot;background_background&quot;:&quot;classic&quot;}\">\n\t\t\t<div class=\"elementor-widget-wrap elementor-element-populated\">\n\t\t\t\t\t\t\t\t<div class=\"elementor-element elementor-element-9728088 gyan-infobox-align-left gyan-infobox-position-top gyan-infobox-center-no gyan-hover-animation-none gyan-animation-box-fade elementor-widget elementor-widget-gyan_info_box\" data-id=\"9728088\" data-element_type=\"widget\" data-widget_type=\"gyan_info_box.default\">\n\t\t\t\t<div class=\"elementor-widget-container\">\n\t\t\t\n\t\t<div class=\"gyan-info-box gyan-animation-box gyan-ease-transition\">\n\n\t\t\t\n\t\t\t\n\t\t\t\t<div class=\"gyan-infobox-icon-holder gyan-ease-transition\">\n\n\t\t\t\t\t\n\t\t\t\t\t\n\t\t\t\t\t\t\t\t\t\t\t<span class=\"gyan-infobox-icon gyan-icon gyan-ease-transition\"><i aria-hidden=\"true\" class=\"fas fa-home\"><\/i><\/span>\n\t\t\t\t\t\n\t\t\t\t\t\n\t\t\t\t\t\n\t\t\t\t<\/div>\n\n\t\t\t\n\t\t\t<div class=\"gyan-infobox-content-holder\">\n\n\t\t\t\t\n\t\t\t\t\t<h4 class=\"gyan-infobox-title gyan-ease-transition\">\n\t\t\t\t\t\t\t\t\t\t\t\tPROTECCI\u00d3N DONDE LA NECESITES\t\t\t\t\t\t\t\t\t\t\t<\/h4>\n\n\t\t\t\t\n\t\t\t\t\n\t\t\t\t\n\t\t\t\t\t<div class=\"gyan-infobox-content gyan-ease-transition\">\n\t\t\t\t\t\tActivar y desactiva la instalaci\u00f3n f\u00e1cilmente desde la entrada de casa\t\t\t\t\t<\/div>\n\n\t\t\t\t\n\t\t\t\t\n\t\t\t\t<div class=\"clear\"><\/div>\n\t\t\t<\/div>\n\t\t<\/div>\n\t\t\t<\/div>\n\t\t\t\t<\/div>\n\t\t\t\t\t<\/div>\n\t\t<\/div>\n\t\t\t\t\t\t\t<\/div>\n\t\t<\/section>\n\t\t\t\t<section class=\"elementor-section elementor-top-section elementor-element elementor-element-21b2e27e elementor-section-stretched elementor-section-boxed elementor-section-height-default elementor-section-height-default\" data-id=\"21b2e27e\" data-element_type=\"section\" data-settings=\"{&quot;stretch_section&quot;:&quot;section-stretched&quot;}\">\n\t\t\t\t\t\t<div class=\"elementor-container elementor-column-gap-no\">\n\t\t\t\t\t<div class=\"elementor-column elementor-col-100 elementor-top-column elementor-element elementor-element-28866270\" data-id=\"28866270\" data-element_type=\"column\">\n\t\t\t<div class=\"elementor-widget-wrap elementor-element-populated\">\n\t\t\t\t\t\t\t\t<section class=\"elementor-section elementor-inner-section elementor-element elementor-element-112ee048 elementor-section-boxed elementor-section-height-default elementor-section-height-default\" data-id=\"112ee048\" data-element_type=\"section\">\n\t\t\t\t\t\t<div class=\"elementor-container elementor-column-gap-no\">\n\t\t\t\t\t<div class=\"elementor-column elementor-col-50 elementor-inner-column elementor-element elementor-element-4223ab8a\" data-id=\"4223ab8a\" data-element_type=\"column\">\n\t\t\t<div class=\"elementor-widget-wrap\">\n\t\t\t\t\t\t\t\t\t<\/div>\n\t\t<\/div>\n\t\t\t\t<div class=\"elementor-column elementor-col-50 elementor-inner-column elementor-element elementor-element-129b419c\" data-id=\"129b419c\" data-element_type=\"column\">\n\t\t\t<div class=\"elementor-widget-wrap elementor-element-populated\">\n\t\t\t\t\t\t\t\t<div class=\"elementor-element elementor-element-6e96cb63 gyan-title-st-line-after elementor-widget elementor-widget-gyan_title\" data-id=\"6e96cb63\" data-element_type=\"widget\" data-widget_type=\"gyan_title.default\">\n\t\t\t\t<div class=\"elementor-widget-container\">\n\t\t\t\t\t<div class=\"gyan-title\">\r\n\t\t\t<div class=\"gyan-title-subtitle\"><span>Beneficios de Rastreo Satelital Red Tecnol\u00f3gico SAC<\/span><\/div><h2 class=\"gyan-title-heading\">Algunos Beneficios<\/h2>\t\t<\/div>\r\n\t\t\t\t<\/div>\n\t\t\t\t<\/div>\n\t\t\t\t\t<\/div>\n\t\t<\/div>\n\t\t\t\t\t\t\t<\/div>\n\t\t<\/section>\n\t\t\t\t<section class=\"elementor-section elementor-inner-section elementor-element elementor-element-528074a0 elementor-section-boxed elementor-section-height-default elementor-section-height-default\" data-id=\"528074a0\" data-element_type=\"section\">\n\t\t\t\t\t\t<div class=\"elementor-container elementor-column-gap-no\">\n\t\t\t\t\t<div class=\"elementor-column elementor-col-50 elementor-inner-column elementor-element elementor-element-232640fc\" data-id=\"232640fc\" data-element_type=\"column\">\n\t\t\t<div class=\"elementor-widget-wrap elementor-element-populated\">\n\t\t\t\t\t\t\t\t<div class=\"elementor-element elementor-element-270348b3 elementor-widget elementor-widget-image\" data-id=\"270348b3\" data-element_type=\"widget\" data-widget_type=\"image.default\">\n\t\t\t\t<div class=\"elementor-widget-container\">\n\t\t\t\t\t\t\t\t\t\t\t\t\t\t\t<img loading=\"lazy\" decoding=\"async\" width=\"683\" height=\"1024\" src=\"https:\/\/redtecnologico.net\/web\/wp-content\/uploads\/2023\/01\/cctv-pir-camera-work-683x1024.jpg\" class=\"attachment-large size-large\" alt=\"\" srcset=\"https:\/\/redtecnologico.net\/web\/wp-content\/uploads\/2023\/01\/cctv-pir-camera-work-683x1024.jpg 683w, https:\/\/redtecnologico.net\/web\/wp-content\/uploads\/2023\/01\/cctv-pir-camera-work-200x300.jpg 200w, https:\/\/redtecnologico.net\/web\/wp-content\/uploads\/2023\/01\/cctv-pir-camera-work-768x1152.jpg 768w, https:\/\/redtecnologico.net\/web\/wp-content\/uploads\/2023\/01\/cctv-pir-camera-work.jpg 910w\" sizes=\"auto, (max-width: 683px) 100vw, 683px\" \/>\t\t\t\t\t\t\t\t\t\t\t\t\t\t\t<\/div>\n\t\t\t\t<\/div>\n\t\t\t\t\t<\/div>\n\t\t<\/div>\n\t\t\t\t<div class=\"elementor-column elementor-col-50 elementor-inner-column elementor-element elementor-element-7539c867\" data-id=\"7539c867\" data-element_type=\"column\" data-settings=\"{&quot;background_background&quot;:&quot;classic&quot;}\">\n\t\t\t<div class=\"elementor-widget-wrap elementor-element-populated\">\n\t\t\t\t\t\t\t\t<div class=\"elementor-element elementor-element-408fdd31 gyan-service-list-icon-vertical-top gyan-service-list-icon-left elementor-widget elementor-widget-gyan_service_list\" data-id=\"408fdd31\" data-element_type=\"widget\" data-widget_type=\"gyan_service_list.default\">\n\t\t\t\t<div class=\"elementor-widget-container\">\n\t\t\t        <div class=\"gyan-service-list-container gyan-service-list-connector gyan-service-list-corners-hide\">\n            <ul class=\"gyan-list-items\">\n                                                            <li class=\"gyan-service-list-item\">\n                            <div class=\"gyan-service-list-item-inner elementor-repeater-item-72d3541\">\n                                                                <div class=\"gyan-servicelist-icon-outer\">\n                                        <div class=\"gyan-servicelist-icon-wrapper gyan-ease-transition\">\n\n                                                                                                <span class=\"gyan-service-list-icon gyan-icon \"><i aria-hidden=\"true\" class=\"fas fa-check\"><\/i><\/span>\n    \t\t\t\t\t\t\t\t\t\t\t                                        <\/div>\n                                    <\/div>\n\n                                                                <div class=\"gyan-servicelist-content-wrapper\">\n                                                                <h3 class=\"gyan-service-list-title\">\n                                                                            Toma el control de tu seguridad                                                                    <\/h3>\n                                <div class=\"gyan-service-list-description\">En el centro del sistema de seguridad de la Alarma Red Tecnol\u00f3gico est\u00e1 el Panel de Control. Un dispositivo portable desarrollado con los \u00faltimos avances tecnol\u00f3gicos, especialmente pensado para protegerlo a usted y a los que m\u00e1s quiere. <\/div>                                                                                            <\/div>\n                            <\/div>\n                        <\/li>\n                                                                                <li class=\"gyan-service-list-item\">\n                            <div class=\"gyan-service-list-item-inner elementor-repeater-item-341b3e9\">\n                                                                <div class=\"gyan-servicelist-icon-outer\">\n                                        <div class=\"gyan-servicelist-icon-wrapper gyan-ease-transition\">\n\n                                                                                                <span class=\"gyan-service-list-icon gyan-icon \"><i aria-hidden=\"true\" class=\"fas fa-check\"><\/i><\/span>\n    \t\t\t\t\t\t\t\t\t\t\t                                        <\/div>\n                                    <\/div>\n\n                                                                <div class=\"gyan-servicelist-content-wrapper\">\n                                                                <h3 class=\"gyan-service-list-title\">\n                                                                            Respuesta inmediata                                                                    <\/h3>\n                                <div class=\"gyan-service-list-description\">La Central Receptora de Alarmas de Red Tecnol\u00f3gico es capaz de verificar el salto de una alarma y decidir c\u00f3mo actuar de manera inmediata.\n\n<\/div>                                                                                            <\/div>\n                            <\/div>\n                        <\/li>\n                                                                                <li class=\"gyan-service-list-item\">\n                            <div class=\"gyan-service-list-item-inner elementor-repeater-item-d0697d2\">\n                                                                <div class=\"gyan-servicelist-icon-outer\">\n                                        <div class=\"gyan-servicelist-icon-wrapper gyan-ease-transition\">\n\n                                                                                                <span class=\"gyan-service-list-icon gyan-icon \"><i aria-hidden=\"true\" class=\"fas fa-check\"><\/i><\/span>\n    \t\t\t\t\t\t\t\t\t\t\t                                        <\/div>\n                                    <\/div>\n\n                                                                <div class=\"gyan-servicelist-content-wrapper\">\n                                                                <h3 class=\"gyan-service-list-title\">\n                                                                            La mejor protecci\u00f3n, a tu servicio                                                                    <\/h3>\n                                <div class=\"gyan-service-list-description\">Las peque\u00f1as y medianas empresas est\u00e1n expuestas a todo tipo de amenazas -tanto externas como internas- que pueden comprometer seriamente su futuro o incluso, poner en peligro a clientes y trabajadores. Somos el mejor aliado para crear un entorno de trabajo seguro, en el cual est\u00e9n protegidos tanto empleados y clientes como los objetos m\u00e1s valiosos e informaci\u00f3n importante.<\/div>                                                                                            <\/div>\n                            <\/div>\n                        <\/li>\n                                                <\/ul>\n        <\/div>\n        \t\t<\/div>\n\t\t\t\t<\/div>\n\t\t\t\t\t<\/div>\n\t\t<\/div>\n\t\t\t\t\t\t\t<\/div>\n\t\t<\/section>\n\t\t\t\t\t<\/div>\n\t\t<\/div>\n\t\t\t\t\t\t\t<\/div>\n\t\t<\/section>\n\t\t\t\t\t\t\t<\/div>\n\t\t","protected":false},"excerpt":{"rendered":"<p>Seguridad Integral Miles de familias viven m\u00e1s tranquilas gracias a Red Tecnol\u00f3gico, ya que nuestra alarma para domicilio se adapta a las necesidades de cada vivienda para garantizar la detecci\u00f3n de intrusos y la actuaci\u00f3n eficaz en cualquier situaci\u00f3n de emergencia. Cada hogar es diferente y, por lo tanto, requiere [&hellip;]<\/p>\n","protected":false},"author":1,"featured_media":0,"parent":0,"menu_order":0,"comment_status":"closed","ping_status":"closed","template":"","meta":{"footnotes":""},"class_list":["post-2306","page","type-page","status-publish","hentry"],"_links":{"self":[{"href":"https:\/\/redtecnologico.net\/web\/wp-json\/wp\/v2\/pages\/2306","targetHints":{"allow":["GET"]}}],"collection":[{"href":"https:\/\/redtecnologico.net\/web\/wp-json\/wp\/v2\/pages"}],"about":[{"href":"https:\/\/redtecnologico.net\/web\/wp-json\/wp\/v2\/types\/page"}],"author":[{"embeddable":true,"href":"https:\/\/redtecnologico.net\/web\/wp-json\/wp\/v2\/users\/1"}],"replies":[{"embeddable":true,"href":"https:\/\/redtecnologico.net\/web\/wp-json\/wp\/v2\/comments?post=2306"}],"version-history":[{"count":18,"href":"https:\/\/redtecnologico.net\/web\/wp-json\/wp\/v2\/pages\/2306\/revisions"}],"predecessor-version":[{"id":2329,"href":"https:\/\/redtecnologico.net\/web\/wp-json\/wp\/v2\/pages\/2306\/revisions\/2329"}],"wp:attachment":[{"href":"https:\/\/redtecnologico.net\/web\/wp-json\/wp\/v2\/media?parent=2306"}],"curies":[{"name":"wp","href":"https:\/\/api.w.org\/{rel}","templated":true}]}}