{"id":3,"date":"2022-11-12T03:50:21","date_gmt":"2022-11-12T03:50:21","guid":{"rendered":"https:\/\/redtecnologico.net\/web\/?page_id=3"},"modified":"2023-02-07T03:15:04","modified_gmt":"2023-02-07T03:15:04","slug":"politica-privacidad","status":"publish","type":"page","link":"https:\/\/redtecnologico.net\/web\/politica-privacidad\/","title":{"rendered":"Pol\u00edticas de Privacidad"},"content":{"rendered":"\t\t<div data-elementor-type=\"wp-page\" data-elementor-id=\"3\" class=\"elementor elementor-3\">\n\t\t\t\t\t\t\t\t\t<section class=\"elementor-section elementor-top-section elementor-element elementor-element-5ff3a6d8 elementor-section-boxed elementor-section-height-default elementor-section-height-default\" data-id=\"5ff3a6d8\" data-element_type=\"section\">\n\t\t\t\t\t\t<div class=\"elementor-container elementor-column-gap-default\">\n\t\t\t\t\t<div class=\"elementor-column elementor-col-100 elementor-top-column elementor-element elementor-element-155a564a\" data-id=\"155a564a\" data-element_type=\"column\">\n\t\t\t<div class=\"elementor-widget-wrap elementor-element-populated\">\n\t\t\t\t\t\t\t\t<div class=\"elementor-element elementor-element-78a3d5b4 elementor-widget elementor-widget-text-editor\" data-id=\"78a3d5b4\" data-element_type=\"widget\" data-widget_type=\"text-editor.default\">\n\t\t\t\t<div class=\"elementor-widget-container\">\n\t\t\t<style>\/*! elementor - v3.8.0 - 30-10-2022 *\/\n.elementor-widget-text-editor.elementor-drop-cap-view-stacked .elementor-drop-cap{background-color:#818a91;color:#fff}.elementor-widget-text-editor.elementor-drop-cap-view-framed .elementor-drop-cap{color:#818a91;border:3px solid;background-color:transparent}.elementor-widget-text-editor:not(.elementor-drop-cap-view-default) .elementor-drop-cap{margin-top:8px}.elementor-widget-text-editor:not(.elementor-drop-cap-view-default) .elementor-drop-cap-letter{width:1em;height:1em}.elementor-widget-text-editor .elementor-drop-cap{float:left;text-align:center;line-height:1;font-size:50px}.elementor-widget-text-editor .elementor-drop-cap-letter{display:inline-block}<\/style>\t\t\t\t<h3><strong>Acuerdo legal entre el Cliente y Red Tecnol\u00f3gico<\/strong><\/h3>\n<p>Este es un acuerdo legal entre el Cliente y Red Tecnol\u00f3gico para el uso del servicio. Al usar nuestro servicio, usted acepta estar sujeto a los t\u00e9rminos y condiciones de este acuerdo. Si el Cliente no acepta este acuerdo, el Cliente no podr\u00e1 usar nuestro servicio.<\/p>\n<p>Nos comprometemos a garantizar que su privacidad est\u00e1 protegida. Solo usaremos la informaci\u00f3n que recopilamos se utilizan \u00fanicamente para brindarle un servicio.<\/p>\n<p>En particular:<\/p>\n<ul>\n<li>No vendemos, compartimos ni divulgamos sus datos a nadie;<\/li>\n<li>No utilizamos sus datos para orientar los anuncios;<\/li>\n<li>No accedemos a su informaci\u00f3n de ubicaci\u00f3n sin su permiso.<\/li>\n<li>Recopilamos la informaci\u00f3n m\u00ednima requerida para el seguimiento por GPS<\/li>\n<\/ul>\n<p>\u00a0<\/p>\n<h2>INFORMACI\u00d3N QUE RECOLECTAMOS<\/h2>\n<ul>\n<li><em><strong>Nombre completo y direcci\u00f3n:<\/strong> <\/em>se usa para describir la informaci\u00f3n del cliente (usuario);<\/li>\n<li><em><strong>Nombre de usuario y contrase\u00f1a:<\/strong><\/em> se usan para autenticar usuarios;<\/li>\n<li><em><strong>Correo electr\u00f3nico:<\/strong> <\/em>se usa para notificar a nuestros usuarios sobre cambios en el servicio y restablecer contrase\u00f1as olvidadas;<\/li>\n<li><em><strong>Datos de ubicaci\u00f3n GPS:<\/strong><\/em> enviados por su dispositivo GPS o dispositivo m\u00f3vil cuando ejecuta nuestro software de seguimiento.<\/li>\n<\/ul>\n<p>Transmitimos los siguientes datos: sus coordenadas GPS, velocidad, altitud, \u00e1ngulo, tiempo actual y varios par\u00e1metros del sensor.<\/p>\n<p>No transmitimos su n\u00famero de tel\u00e9fono, listas de contactos o cualquier otra informaci\u00f3n almacenada en su dispositivo m\u00f3vil;<br \/>Solicitudes HTTP: como la mayor\u00eda de los servicios web, mantenemos registros de todas las solicitudes HTTP entrantes. Los registros web contienen direcciones IP, URL solicitadas, URL de referencia y otros atributos similares proporcionados por su navegador.<\/p>\n<h2>COOKIES<\/h2>\n<p>Las cookies son peque\u00f1os archivos que el navegador web almacena temporalmente. Se utilizan \u00fanicamente para la gesti\u00f3n de sesiones (recordar qui\u00e9n eres una vez que inicias sesi\u00f3n) y para almacenar las preferencias. Utilizamos cookies de registro de tr\u00e1fico para identificar qu\u00e9 p\u00e1ginas se est\u00e1n utilizando. Esto nos ayuda a analizar datos sobre el tr\u00e1fico de la p\u00e1gina web y mejorar nuestro sitio web para adaptarlo a las necesidades del Cliente. Solo usamos esta informaci\u00f3n para fines de an\u00e1lisis estad\u00edstico.<\/p>\n<p>La mayor\u00eda de nuestras cookies caducan tan pronto como cierra la sesi\u00f3n o cierra la ventana del navegador.<\/p>\n<p>Le recomendamos que habilite el soporte de cookies en su navegador, ya que muchas funciones de nuestro sitio web no funcionar\u00e1n de otro modo.<\/p>\n<h2>SEGURIDAD<\/h2>\n<p>Sus datos se almacenan en servidores seguros. Hemos tomado medidas adicionales para evitar el acceso no autorizado a sus datos, incluido el funcionamiento de software de firewall y la actualizaci\u00f3n de nuestros servidores con parches de seguridad. Dicho esto, no podemos garantizar la no revelaci\u00f3n de informaci\u00f3n personal debido a factores que escapan a nuestro control. Si sospecha que su cuenta se ha visto comprometida, comun\u00edquese con nosotros lo antes posible.<\/p>\n<p>El sistema de creaci\u00f3n de cuenta, inicio de sesi\u00f3n y recuperaci\u00f3n se desarrollo utilizando los \u00faltimos est\u00e1ndares de autenticaci\u00f3n para evitar cualquier posibilidad de pirater\u00eda.<\/p>\n<p>Durante la creaci\u00f3n de la cuenta, los datos recopilados se cifran utilizando el algoritmo de cifrado de una v\u00eda y se guardan en la base de datos. Una forma de cifrado hace imposible descifrar datos. Los datos se pueden verificar solo mediante el m\u00e9todo de comparaci\u00f3n realizado por un autor genuino.<\/p>\n<p>\u00a0<\/p>\n<p><strong>MAS INFORMACI\u00d3N<\/strong><br \/>Si tiene preguntas o inquietudes con respecto a los datos que recopilamos o c\u00f3mo los utilizamos, p\u00f3ngase en contacto con nuestro departamento de soporte e informacion por el correo electr\u00f3nico a info@redtecnologico.net<\/p>\t\t\t\t\t\t<\/div>\n\t\t\t\t<\/div>\n\t\t\t\t\t<\/div>\n\t\t<\/div>\n\t\t\t\t\t\t\t<\/div>\n\t\t<\/section>\n\t\t\t\t\t\t\t<\/div>\n\t\t","protected":false},"excerpt":{"rendered":"<p>Acuerdo legal entre el Cliente y Red Tecnol\u00f3gico Este es un acuerdo legal entre el Cliente y Red Tecnol\u00f3gico para el uso del servicio. Al usar nuestro servicio, usted acepta estar sujeto a los t\u00e9rminos y condiciones de este acuerdo. Si el Cliente no acepta este acuerdo, el Cliente no [&hellip;]<\/p>\n","protected":false},"author":1,"featured_media":0,"parent":0,"menu_order":0,"comment_status":"closed","ping_status":"closed","template":"","meta":{"footnotes":""},"class_list":["post-3","page","type-page","status-publish","hentry"],"_links":{"self":[{"href":"https:\/\/redtecnologico.net\/web\/wp-json\/wp\/v2\/pages\/3","targetHints":{"allow":["GET"]}}],"collection":[{"href":"https:\/\/redtecnologico.net\/web\/wp-json\/wp\/v2\/pages"}],"about":[{"href":"https:\/\/redtecnologico.net\/web\/wp-json\/wp\/v2\/types\/page"}],"author":[{"embeddable":true,"href":"https:\/\/redtecnologico.net\/web\/wp-json\/wp\/v2\/users\/1"}],"replies":[{"embeddable":true,"href":"https:\/\/redtecnologico.net\/web\/wp-json\/wp\/v2\/comments?post=3"}],"version-history":[{"count":7,"href":"https:\/\/redtecnologico.net\/web\/wp-json\/wp\/v2\/pages\/3\/revisions"}],"predecessor-version":[{"id":2342,"href":"https:\/\/redtecnologico.net\/web\/wp-json\/wp\/v2\/pages\/3\/revisions\/2342"}],"wp:attachment":[{"href":"https:\/\/redtecnologico.net\/web\/wp-json\/wp\/v2\/media?parent=3"}],"curies":[{"name":"wp","href":"https:\/\/api.w.org\/{rel}","templated":true}]}}